{"id":3180,"date":"2022-10-04T15:33:28","date_gmt":"2022-10-04T15:33:28","guid":{"rendered":"https:\/\/ciadeips.com.co\/2022\/?page_id=3180"},"modified":"2022-12-08T08:14:42","modified_gmt":"2022-12-08T08:14:42","slug":"servicios","status":"publish","type":"page","link":"https:\/\/ciadeips.com.co\/2022\/servicios\/","title":{"rendered":"Servicios"},"content":{"rendered":"\t\t<div data-elementor-type=\"wp-page\" data-elementor-id=\"3180\" class=\"elementor elementor-3180\">\n\t\t\t\t\t\t\t\t\t<section class=\"elementor-section elementor-top-section elementor-element elementor-element-0b9b13d elementor-section-boxed elementor-section-height-default elementor-section-height-default\" data-id=\"0b9b13d\" data-element_type=\"section\">\n\t\t\t\t\t\t<div class=\"elementor-container elementor-column-gap-default\">\n\t\t\t\t\t<div class=\"elementor-column elementor-col-100 elementor-top-column elementor-element elementor-element-50267ed\" data-id=\"50267ed\" data-element_type=\"column\">\n\t\t\t<div class=\"elementor-widget-wrap elementor-element-populated\">\n\t\t\t\t\t\t\t\t<div class=\"elementor-element elementor-element-6dcb77e elementor-widget elementor-widget-heading\" data-id=\"6dcb77e\" data-element_type=\"widget\" data-widget_type=\"heading.default\">\n\t\t\t\t<div class=\"elementor-widget-container\">\n\t\t\t<style>\/*! elementor - v3.16.0 - 20-09-2023 *\/\n.elementor-heading-title{padding:0;margin:0;line-height:1}.elementor-widget-heading .elementor-heading-title[class*=elementor-size-]>a{color:inherit;font-size:inherit;line-height:inherit}.elementor-widget-heading .elementor-heading-title.elementor-size-small{font-size:15px}.elementor-widget-heading .elementor-heading-title.elementor-size-medium{font-size:19px}.elementor-widget-heading .elementor-heading-title.elementor-size-large{font-size:29px}.elementor-widget-heading .elementor-heading-title.elementor-size-xl{font-size:39px}.elementor-widget-heading .elementor-heading-title.elementor-size-xxl{font-size:59px}<\/style><h2 class=\"elementor-heading-title elementor-size-default\">NUESTROS SERVICIOS\n<\/h2>\t\t<\/div>\n\t\t\t\t<\/div>\n\t\t\t\t<div class=\"elementor-element elementor-element-95ece99 elementor-widget elementor-widget-image\" data-id=\"95ece99\" data-element_type=\"widget\" data-widget_type=\"image.default\">\n\t\t\t\t<div class=\"elementor-widget-container\">\n\t\t\t<style>\/*! elementor - v3.16.0 - 20-09-2023 *\/\n.elementor-widget-image{text-align:center}.elementor-widget-image a{display:inline-block}.elementor-widget-image a img[src$=\".svg\"]{width:48px}.elementor-widget-image img{vertical-align:middle;display:inline-block}<\/style>\t\t\t\t\t\t\t\t\t\t\t\t<img loading=\"lazy\" decoding=\"async\" width=\"2042\" height=\"934\" src=\"https:\/\/ciadeips.com.co\/2022\/wp-content\/uploads\/2022\/10\/Captura-de-Pantalla-2022-10-05-a-las-12.49.14-a.-m..png\" class=\"attachment-full size-full wp-image-3220\" alt=\"\" srcset=\"https:\/\/ciadeips.com.co\/2022\/wp-content\/uploads\/2022\/10\/Captura-de-Pantalla-2022-10-05-a-las-12.49.14-a.-m..png 2042w, https:\/\/ciadeips.com.co\/2022\/wp-content\/uploads\/2022\/10\/Captura-de-Pantalla-2022-10-05-a-las-12.49.14-a.-m.-300x137.png 300w, https:\/\/ciadeips.com.co\/2022\/wp-content\/uploads\/2022\/10\/Captura-de-Pantalla-2022-10-05-a-las-12.49.14-a.-m.-1024x468.png 1024w, https:\/\/ciadeips.com.co\/2022\/wp-content\/uploads\/2022\/10\/Captura-de-Pantalla-2022-10-05-a-las-12.49.14-a.-m.-768x351.png 768w, https:\/\/ciadeips.com.co\/2022\/wp-content\/uploads\/2022\/10\/Captura-de-Pantalla-2022-10-05-a-las-12.49.14-a.-m.-1536x703.png 1536w\" sizes=\"auto, (max-width: 2042px) 100vw, 2042px\" \/>\t\t\t\t\t\t\t\t\t\t\t\t\t\t\t<\/div>\n\t\t\t\t<\/div>\n\t\t\t\t<div class=\"elementor-element elementor-element-327feb7 elementor-widget elementor-widget-text-editor\" data-id=\"327feb7\" data-element_type=\"widget\" data-widget_type=\"text-editor.default\">\n\t\t\t\t<div class=\"elementor-widget-container\">\n\t\t\t<style>\/*! elementor - v3.16.0 - 20-09-2023 *\/\n.elementor-widget-text-editor.elementor-drop-cap-view-stacked .elementor-drop-cap{background-color:#69727d;color:#fff}.elementor-widget-text-editor.elementor-drop-cap-view-framed .elementor-drop-cap{color:#69727d;border:3px solid;background-color:transparent}.elementor-widget-text-editor:not(.elementor-drop-cap-view-default) .elementor-drop-cap{margin-top:8px}.elementor-widget-text-editor:not(.elementor-drop-cap-view-default) .elementor-drop-cap-letter{width:1em;height:1em}.elementor-widget-text-editor .elementor-drop-cap{float:left;text-align:center;line-height:1;font-size:50px}.elementor-widget-text-editor .elementor-drop-cap-letter{display:inline-block}<\/style>\t\t\t\t<p>En \u00a0<strong>CIADE IPS S.A.S.,\u00a0<\/strong>contamos con equipos de \u00faltima tecnolog\u00eda y personal altamente capacitado para ofrecer un servicio de calidad, Laboratorio Cl\u00ednico de Baja \u2013 Mediana y Alta complejidad \u2013 Consultas de Especialidades y Subespecialidades mediante una contrataci\u00f3n por Capitaci\u00f3n o Evento seg\u00fan Convenio entre las partes.<\/p><p>\u00a0<\/p><p>Es nuestro principal objetivo constituirnos en su aliado estrat\u00e9gico garantizando cobertura en Norte de Santander, con extensi\u00f3n en sedes para toma de muestras con el fin de prestar los servicios con compromiso, calidad, seguridad y optimizando los recursos de nuestros clientes.<\/p>\t\t\t\t\t\t<\/div>\n\t\t\t\t<\/div>\n\t\t\t\t<div class=\"elementor-element elementor-element-657f54e elementor-widget elementor-widget-classyea_widget_accordion\" data-id=\"657f54e\" data-element_type=\"widget\" data-widget_type=\"classyea_widget_accordion.classyea-accordion-layout-three\">\n\t\t\t\t<div class=\"elementor-widget-container\">\n\t\t\t\t\t<div id=\"classyea-accordion__container-item-1000\" class=\"classyea-layout-three\">\n\t\t\t\t\t\t<div class=\"classyea-accordion__box-item-1000 classyea-accordion__item-1000--active\">\n\t\t\t\t<div class=\"classyea-accordion__head-item-1000 classyea-accordion__head\">\n\t\t\t\t\t<div class=\"classyea-accordion__head-inner\">\n\t\t\t\t\t\t<div class=\"classyea-accordion-title classyea-acc-tab-title\">Laboratorio Cl\u00ednico de Baja, Mediana y alta Complejidad<\/div>\n\t\t\t\t\t<\/div>\n\t\t\t\t\t<span class=\"question-icon\"><i class=\"fa fa-question\"><\/i><\/span>\n\t\t\t\t\t<span class=\"classyea-accordion__item-icon normal\"><i class=\"fa fa-chevron-down\"><\/i><\/span>\n\t\t\t\t\t<span class=\"classyea-accordion__item-icon active\"><i class=\"fa fa-chevron-up\"><\/i><\/span>\n\t\t\t\t<\/div>\n\t\t\t\t<div class=\"classyea-accordion__content-item-1000 classyea-accordion__content\">\n\t\t\t\t\t<div class=\"classyea-accordion__content-inner\">\n\t\t\t\t\t\t<p>El laboratorio cuenta con un completo programa donde el manejo de las muestras se hace con altos est\u00e1ndares de calidad y bajo un riguroso proceso de seguridad.<\/p>\t\t\t\t\t<\/div>\n\t\t\t\t<\/div>\n\t\t\t<\/div>\n\t\t\t\t\t<div class=\"classyea-accordion__box-item-1000 \">\n\t\t\t\t<div class=\"classyea-accordion__head-item-1000 classyea-accordion__head\">\n\t\t\t\t\t<div class=\"classyea-accordion__head-inner\">\n\t\t\t\t\t\t<div class=\"classyea-accordion-title classyea-acc-tab-title\">Toma de Muestras de Laboratorio Cl\u00ednico <\/div>\n\t\t\t\t\t<\/div>\n\t\t\t\t\t<span class=\"question-icon\"><i class=\"fa fa-question\"><\/i><\/span>\n\t\t\t\t\t<span class=\"classyea-accordion__item-icon normal\"><i class=\"fa fa-chevron-down\"><\/i><\/span>\n\t\t\t\t\t<span class=\"classyea-accordion__item-icon active\"><i class=\"fa fa-chevron-up\"><\/i><\/span>\n\t\t\t\t<\/div>\n\t\t\t\t<div class=\"classyea-accordion__content-item-1000 classyea-accordion__content\">\n\t\t\t\t\t<div class=\"classyea-accordion__content-inner\">\n\t\t\t\t\t\t<p>Nuestro personal de Laboratorio Cl\u00ednico est\u00e1 capacitado para realizar toma de muestras a pacientes adultos, de tercera edad y ni\u00f1os de las muestras requeridas seg\u00fan la necesidad.<\/p>\t\t\t\t\t<\/div>\n\t\t\t\t<\/div>\n\t\t\t<\/div>\n\t\t\t\t\t<div class=\"classyea-accordion__box-item-1000 \">\n\t\t\t\t<div class=\"classyea-accordion__head-item-1000 classyea-accordion__head\">\n\t\t\t\t\t<div class=\"classyea-accordion__head-inner\">\n\t\t\t\t\t\t<div class=\"classyea-accordion-title classyea-acc-tab-title\">Consulta m\u00e9dica especializada<\/div>\n\t\t\t\t\t<\/div>\n\t\t\t\t\t<span class=\"question-icon\"><i class=\"fa fa-question\"><\/i><\/span>\n\t\t\t\t\t<span class=\"classyea-accordion__item-icon normal\"><i class=\"fa fa-chevron-down\"><\/i><\/span>\n\t\t\t\t\t<span class=\"classyea-accordion__item-icon active\"><i class=\"fa fa-chevron-up\"><\/i><\/span>\n\t\t\t\t<\/div>\n\t\t\t\t<div class=\"classyea-accordion__content-item-1000 classyea-accordion__content\">\n\t\t\t\t\t<div class=\"classyea-accordion__content-inner\">\n\t\t\t\t\t\t<p>Basados en nuestra Pol\u00edtica de ser Aliados Estrat\u00e9gicos de Nuestros Clientes se ha conformado una Red de M\u00e9dicos Especialistas los cuales buscaran generar un Apoyo a la Contratante y de esta manera generar una mayor Red de Servicios Optima y con un valor Agregado que es la contenci\u00f3n y racionalidad de los servicios que se deriven de las mismas dando as\u00ed un mayor sentido de un Servicio con Calidad y Oportunidad, con las siguientes especialidades:<\/p>\n<ul>\n \t<li>Nutrici\u00f3n<\/li>\n \t<li>Neurolog\u00eda Pedi\u00e1trica y Adulto<\/li>\n \t<li>Perinatolog\u00eda QUITAR<\/li>\n \t<li>Ortopedia Pedi\u00e1trica<\/li>\n \t<li>Ortopedia Pedi\u00e1trica y Adulto<\/li>\n \t<li>Endocrinolog\u00eda Pedi\u00e1trica y Adulto<\/li>\n \t<li>Psicolog\u00eda<\/li>\n \t<li>Psiquiatr\u00eda<\/li>\n \t<li>Medicina Interna<\/li>\n \t<li>Pediatr\u00eda<\/li>\n \t<li>Ginecolog\u00eda<\/li>\n \t<li>Ginecolog\u00eda QUITAR<\/li>\n \t<li>Nefrolog\u00eda Pedi\u00e1trica<\/li>\n \t<li>Cardiolog\u00eda Pedi\u00e1trica<\/li>\n \t<li>Gastroenterolog\u00eda Pedi\u00e1trica y Adulto<\/li>\n \t<li>Urolog\u00eda Pedi\u00e1trica y Adulto<\/li>\n \t<li>Urolog\u00eda Pedi\u00e1trica<\/li>\n \t<li>Fisiatr\u00eda<\/li>\n \t<li>Neumolog\u00eda Pedi\u00e1trica y Adulto<\/li>\n \t<li>Infectolog\u00eda Adulto y Pedi\u00e1trica<\/li>\n \t<li>Gen\u00e9tica<\/li>\n<\/ul>\t\t\t\t\t<\/div>\n\t\t\t\t<\/div>\n\t\t\t<\/div>\n\t\t\t\t\t<div class=\"classyea-accordion__box-item-1000 \">\n\t\t\t\t<div class=\"classyea-accordion__head-item-1000 classyea-accordion__head\">\n\t\t\t\t\t<div class=\"classyea-accordion__head-inner\">\n\t\t\t\t\t\t<div class=\"classyea-accordion-title classyea-acc-tab-title\">Atenci\u00f3n especializada<\/div>\n\t\t\t\t\t<\/div>\n\t\t\t\t\t<span class=\"question-icon\"><i class=\"fa fa-question\"><\/i><\/span>\n\t\t\t\t\t<span class=\"classyea-accordion__item-icon normal\"><i class=\"fa fa-chevron-down\"><\/i><\/span>\n\t\t\t\t\t<span class=\"classyea-accordion__item-icon active\"><i class=\"fa fa-chevron-up\"><\/i><\/span>\n\t\t\t\t<\/div>\n\t\t\t\t<div class=\"classyea-accordion__content-item-1000 classyea-accordion__content\">\n\t\t\t\t\t<div class=\"classyea-accordion__content-inner\">\n\t\t\t\t\t\t<p><strong>Atenci\u00f3n Domiciliaria<\/strong><\/p><p>CIADE IPS S.A.S., ha dispuesto para sus Clientes el Servicio de Atenci\u00f3n Domiciliaria para aquellos usuarios que por su condici\u00f3n les sea dif\u00edcil el acceso o el desplazamiento a cualquiera de nuestras Sedes de Atenci\u00f3n para la Toma de Muestras de Laboratorio Cl\u00ednico (Pacientes con Home Care), para lo cual solicita informaci\u00f3n del Servicio a Nuestra Sede Principal a las l\u00edneas 5943310 \u2013 5943311, o al whatsapp 3045747808 - 24 horas antes para su Programaci\u00f3n.<\/p><p>\u00a0<\/p><p><strong>Atenci\u00f3n a Gestantes<\/strong><\/p><p>CIADE IPS S.A.S., ha dispuesto para sus Clientes el Programa de Vigilancia y Atenci\u00f3n Preferencial de Gestantes, para el cual ha estructurado un proceso de atenci\u00f3n en el cual se tiene un stock de pruebas para el Procesamiento de Perfil de TORCH:<br \/>Toxoplasma IgM<br \/>Toxoplasma IgG<br \/>Rubeola IgM<br \/>Herpes 2 IgM \u2013 IgG<br \/>Citomegalovirus IgM \u2013 IgG<br \/>Hepatitis B Ant\u00edgeno de Superficie<br \/>VIH 1 y 2 Cuarta Generaci\u00f3n (Identificaci\u00f3n 3 tipos de Bandas)<\/p><p>Con un Bacteri\u00f3logo encargado de forma Exclusiva para el \u00c1rea de Especializados (Pruebas Infecciosas \u2013 Hormonas \u2013 Marcadores Tumorales - Pruebas Especializadas) lo cual garantiza mayor oportunidad en el procesamiento, de igual manera se cuenta con un Equipo totalmente automatizado para estas pruebas obteniendo una mayor confiabilidad y efectividad en los resultados.<\/p><p>Para este mismo proceso en casos de Gestantes con Resultados Alterados se cuenta con proceso interno de Vigilancia Epidemiol\u00f3gica para la notificaci\u00f3n inmediata a la EPS-s para el manejo de la usuaria.<\/p><p><strong>Atenciones Renales<\/strong><\/p><p>CIADE IPS S.A.S., ha dispuesto para sus Clientes el Programa de Vigilancia y Atenci\u00f3n Preferencial de Usuarios con Patolog\u00eda Renal, para el cual ha estructurado un proceso de atenci\u00f3n en el cual se tiene un stock de pruebas para el Procesamiento de Perfil de ATENCION RENAL (INGRESO \u2013 SEMESTRAL \u2013 MENSUAL) Pruebas realizadas Directamente en Nuestra Sede Principal (Contando con Red de Apoyo Propia en la Sede Principal en la Ciudad de San Jos\u00e9 de C\u00facuta \u2013 y de Referencia en Bogot\u00e1 en caso de Urgencias), al igual que todas las ayudas Diagnosticas tendientes al control en Funci\u00f3n Renal con un Bacteri\u00f3logo encargado de forma Exclusiva para el \u00c1rea de Especializados (Pruebas Infecciosas \u2013 Hormonas \u2013 Marcadores Tumorales - Pruebas Especializadas) lo cual garantiza mayor oportunidad en el procesamiento.<\/p><p>De igual manera se cuenta con un Equipo totalmente automatizado para estas pruebas obteniendo una mayor confiabilidad y efectividad en los resultados. Ofertando de igual manera Recolecci\u00f3n de Muestras seg\u00fan el Horario Dispuesto por la IPS al igual que para la entrega de resultados, bajo entrega F\u00edsica o por medio del Enlace de Consulta y<br \/>Descargue en nuestra p\u00e1gina web www.ciadeips.com.co<\/p><p><strong>Atenci\u00f3n Prog. TSH Neonatal<\/strong><\/p><p>CIADE IPS S.A.S., ha dispuesto para sus Clientes el Programa de Atenci\u00f3n para Lectura y Detecci\u00f3n Temprana de Hipotiroidismo Cong\u00e9nito \u2013 TSH NEONATAL, para \u00e9l se ha estructurado una recolecci\u00f3n en las Unidades B\u00e1sicas de Atenci\u00f3n de Partos de la de las Tirillas de TSH Neonatal y su lectura en forma semanal, al igual que la recolecci\u00f3n en la EPS-s seg\u00fan sea Coordinado con la Coordinaci\u00f3n de Promoci\u00f3n y Prevenci\u00f3n, con un suministro necesario de Papel de Filtro para el env\u00edo a las Unidades de Atenci\u00f3n contratadas por la EPS en su Red de Servicios.<\/p><p><strong>Atenci\u00f3n M\u00e9dica<\/strong><\/p><p>CIADE IPS S.A.S., ha dispuesto para sus Contratantes el Servicio de Atenci\u00f3n Medica para Usuarios con el Mejor Equipo M\u00e9dico Interdisciplinario con un manejo por Consulta Externa que proporciona atenci\u00f3n, diagn\u00f3stico y tratamiento a pacientes que por su condici\u00f3n o estado de salud, pueden ser atendidos ambulatoriamente, en medicina general y especializada.<\/p>\t\t\t\t\t<\/div>\n\t\t\t\t<\/div>\n\t\t\t<\/div>\n\t\t\t\t\t<div class=\"classyea-accordion__box-item-1000 \">\n\t\t\t\t<div class=\"classyea-accordion__head-item-1000 classyea-accordion__head\">\n\t\t\t\t\t<div class=\"classyea-accordion__head-inner\">\n\t\t\t\t\t\t<div class=\"classyea-accordion-title classyea-acc-tab-title\">Resultados en l\u00ednea <\/div>\n\t\t\t\t\t<\/div>\n\t\t\t\t\t<span class=\"question-icon\"><i class=\"fa fa-question\"><\/i><\/span>\n\t\t\t\t\t<span class=\"classyea-accordion__item-icon normal\"><i class=\"fa fa-chevron-down\"><\/i><\/span>\n\t\t\t\t\t<span class=\"classyea-accordion__item-icon active\"><i class=\"fa fa-chevron-up\"><\/i><\/span>\n\t\t\t\t<\/div>\n\t\t\t\t<div class=\"classyea-accordion__content-item-1000 classyea-accordion__content\">\n\t\t\t\t\t<div class=\"classyea-accordion__content-inner\">\n\t\t\t\t\t\t<p>CIADE IPS, S.A.S le ofrece a trav\u00e9s de su pagina web\u00a0www.ciadeips.com.co\u00a0el servicio de descarga on-line de los informes de resultados de sus ex\u00e1menes, este servicio utiliza un sistema cifrado SSL, por lo que sus datos se encuentran en la red de forma segura.<\/p>\t\t\t\t\t<\/div>\n\t\t\t\t<\/div>\n\t\t\t<\/div>\n\t\t\t<\/div>\n\t\t<\/div>\n\t\t\t\t<\/div>\n\t\t\t\t\t<\/div>\n\t\t<\/div>\n\t\t\t\t\t\t\t<\/div>\n\t\t<\/section>\n\t\t\t\t\t\t\t<\/div>\n\t\t","protected":false},"excerpt":{"rendered":"<p>NUESTROS SERVICIOS En \u00a0CIADE IPS S.A.S.,\u00a0contamos con equipos de \u00faltima tecnolog\u00eda y personal altamente capacitado para ofrecer un servicio de calidad, Laboratorio Cl\u00ednico de Baja \u2013 Mediana y Alta complejidad \u2013 Consultas de Especialidades y Subespecialidades mediante una contrataci\u00f3n por Capitaci\u00f3n o Evento seg\u00fan Convenio entre las partes. \u00a0 Es nuestro principal objetivo constituirnos en [&hellip;]<\/p>\n","protected":false},"author":1,"featured_media":13,"parent":0,"menu_order":0,"comment_status":"closed","ping_status":"closed","template":"elementor_header_footer","meta":{"_editorskit_title_hidden":false,"_editorskit_reading_time":0,"_editorskit_is_block_options_detached":false,"_editorskit_block_options_position":"{}","footnotes":""},"class_list":["post-3180","page","type-page","status-publish","has-post-thumbnail","hentry"],"_links":{"self":[{"href":"https:\/\/ciadeips.com.co\/2022\/wp-json\/wp\/v2\/pages\/3180","targetHints":{"allow":["GET"]}}],"collection":[{"href":"https:\/\/ciadeips.com.co\/2022\/wp-json\/wp\/v2\/pages"}],"about":[{"href":"https:\/\/ciadeips.com.co\/2022\/wp-json\/wp\/v2\/types\/page"}],"author":[{"embeddable":true,"href":"https:\/\/ciadeips.com.co\/2022\/wp-json\/wp\/v2\/users\/1"}],"replies":[{"embeddable":true,"href":"https:\/\/ciadeips.com.co\/2022\/wp-json\/wp\/v2\/comments?post=3180"}],"version-history":[{"count":26,"href":"https:\/\/ciadeips.com.co\/2022\/wp-json\/wp\/v2\/pages\/3180\/revisions"}],"predecessor-version":[{"id":3287,"href":"https:\/\/ciadeips.com.co\/2022\/wp-json\/wp\/v2\/pages\/3180\/revisions\/3287"}],"wp:featuredmedia":[{"embeddable":true,"href":"https:\/\/ciadeips.com.co\/2022\/wp-json\/wp\/v2\/media\/13"}],"wp:attachment":[{"href":"https:\/\/ciadeips.com.co\/2022\/wp-json\/wp\/v2\/media?parent=3180"}],"curies":[{"name":"wp","href":"https:\/\/api.w.org\/{rel}","templated":true}]}}