{"id":3011,"date":"2021-05-04T08:33:32","date_gmt":"2021-05-04T08:33:32","guid":{"rendered":"http:\/\/localhost\/wp-themes\/laborex\/?page_id=8"},"modified":"2025-03-07T02:41:31","modified_gmt":"2025-03-07T02:41:31","slug":"home-page-01","status":"publish","type":"page","link":"https:\/\/ciadeips.com.co\/2022\/","title":{"rendered":"Home Page 01"},"content":{"rendered":"\t\t<div data-elementor-type=\"wp-page\" data-elementor-id=\"3011\" class=\"elementor elementor-3011\">\n\t\t\t\t\t\t\t\t\t<section class=\"elementor-section elementor-top-section elementor-element elementor-element-d0e0068 elementor-section-full_width elementor-section-height-default elementor-section-height-default\" data-id=\"d0e0068\" data-element_type=\"section\">\n\t\t\t\t\t\t<div class=\"elementor-container elementor-column-gap-no\">\n\t\t\t\t\t<div class=\"elementor-column elementor-col-100 elementor-top-column elementor-element elementor-element-59bed30\" data-id=\"59bed30\" data-element_type=\"column\">\n\t\t\t<div class=\"elementor-widget-wrap elementor-element-populated\">\n\t\t\t\t\t\t\t\t<div class=\"elementor-element elementor-element-07d1407 e-transform elementor-invisible elementor-widget elementor-widget-laborex_banner\" data-id=\"07d1407\" data-element_type=\"widget\" data-settings=\"{&quot;_animation&quot;:&quot;fadeIn&quot;,&quot;_transform_scaleX_effect_hover&quot;:{&quot;unit&quot;:&quot;px&quot;,&quot;size&quot;:&quot;&quot;,&quot;sizes&quot;:[]},&quot;_transform_scaleX_effect_hover_tablet&quot;:{&quot;unit&quot;:&quot;px&quot;,&quot;size&quot;:&quot;&quot;,&quot;sizes&quot;:[]},&quot;_transform_scaleX_effect_hover_mobile&quot;:{&quot;unit&quot;:&quot;px&quot;,&quot;size&quot;:&quot;&quot;,&quot;sizes&quot;:[]},&quot;_transform_scaleY_effect_hover&quot;:{&quot;unit&quot;:&quot;px&quot;,&quot;size&quot;:&quot;&quot;,&quot;sizes&quot;:[]},&quot;_transform_scaleY_effect_hover_tablet&quot;:{&quot;unit&quot;:&quot;px&quot;,&quot;size&quot;:&quot;&quot;,&quot;sizes&quot;:[]},&quot;_transform_scaleY_effect_hover_mobile&quot;:{&quot;unit&quot;:&quot;px&quot;,&quot;size&quot;:&quot;&quot;,&quot;sizes&quot;:[]}}\" data-widget_type=\"laborex_banner.default\">\n\t\t\t\t<div class=\"elementor-widget-container\">\n\t\t\t                    <!-- banner-section style one -->\n            <section class=\"banner-section style-one\" style=\"background-image: url(https:\/\/ciadeips.com.co\/2022\/wp-content\/uploads\/2022\/10\/banner-1.jpeg);\">\n                <div class=\"bg-layer\" style=\"background-image: url(https:\/\/ciadeips.com.co\/2022\/wp-content\/uploads\/2022\/10\/banner-1.png);\"><\/div>\n                <div class=\"banner-carousel owl-theme owl-carousel owl-nav-none owl-dots-none\" data-owl='{\"infinite\":true,\"autoplay\":\"true\",\"autoplay_speed\":4000}'>\n                                            <div class=\"slide-item\">\n                            <div class=\"auto-container\">\n                                <div class=\"content-box\">\n                                    <figure class=\"content-bg\">\n                                        <img loading=\"lazy\" decoding=\"async\" width=\"454\" height=\"460\" src=\"https:\/\/ciadeips.com.co\/2022\/wp-content\/uploads\/2022\/10\/banner-img-2.png\" class=\"attachment-full size-full\" alt=\"\" \/>                                    <\/figure>\n                                    <div class=\"shape\">\n\n                                                                                    <div class=\"shape-1 rotate-me\" style=\"background-image: url(https:\/\/ciadeips.com.co\/2022\/wp-content\/uploads\/2021\/06\/shape-44.png);\"><\/div>\n                                                                                                                                                            <\/div>\n                                    <div class=\"text\">\n                                        <h2>Consuta o descarga los resultados de tus ex\u00e1menes en l\u00ednea..<\/h2>\n                                        <p><p style=\"text-align: justify;\"> Ingresando tu n\u00famero de c\u00e9dula y tu contrase\u00f1a en el siguiente enlace podr\u00e1s acceder a los resultados de tus ex\u00e1menes <\/p><\/p>\n                                        <div class=\"btn-box\">\n                                            <a href=\"http:\/\/186.112.148.140:10003\"   class=\"theme-btn-one\">Resultados en l\u00ednea<\/a>\n                                            <a href=\"#\"   class=\"banner-btn\">M\u00e1s informaci\u00f3n <\/a>\n                                        <\/div>\n                                    <\/div>\n                                <\/div>\n                            <\/div>\n                        <\/div>\n                                    <\/div>\n            <\/section>\n            <!-- banner-section style one end -->\n\n        \t\t<\/div>\n\t\t\t\t<\/div>\n\t\t\t\t\t<\/div>\n\t\t<\/div>\n\t\t\t\t\t\t\t<\/div>\n\t\t<\/section>\n\t\t\t\t<section class=\"elementor-section elementor-top-section elementor-element elementor-element-837c073 elementor-section-full_width elementor-section-height-default elementor-section-height-default\" data-id=\"837c073\" data-element_type=\"section\">\n\t\t\t\t\t\t<div class=\"elementor-container elementor-column-gap-no\">\n\t\t\t\t\t<div class=\"elementor-column elementor-col-100 elementor-top-column elementor-element elementor-element-428f00a\" data-id=\"428f00a\" data-element_type=\"column\">\n\t\t\t<div class=\"elementor-widget-wrap elementor-element-populated\">\n\t\t\t\t\t\t\t\t<div class=\"elementor-element elementor-element-9dff4d2 elementor-widget elementor-widget-laborex_service2\" data-id=\"9dff4d2\" data-element_type=\"widget\" data-widget_type=\"laborex_service2.default\">\n\t\t\t\t<div class=\"elementor-widget-container\">\n\t\t\t\t\t\t<section class=\"service-section alternat-2\">\n\t\t\t\t<div class=\"pattern-layer\">\n\t\t\t\t\t\t\t\t\t\t<div class=\"pattern-1 wow zoomIn animated\" style=\"background-image: url(https:\/\/ciadeips.com.co\/2022\/wp-content\/uploads\/2022\/10\/shape-3.png);\"><\/div>\n\t\t\t\t\t<div class=\"pattern-2  wow zoomIn animated\" style=\"background-image: url(https:\/\/ciadeips.com.co\/2022\/wp-content\/uploads\/2022\/10\/shape-4.png);\"><\/div>\n\t\t\t\t<\/div>\n\t\t\t\t<div class=\"auto-container\">\n\t\t\t\t\t<div class=\"sec-title centred\">\n\t\t\t\t\t\t<h6>Servicios Principales<\/h6>\n\t\t\t\t\t\t<h2>Resultados confiables <br>y de alta calidad<\/h2>\n\t\t\t\t\t<\/div>\n\t\t\t\t\t<div class=\"row clearfix\">\n\t\t\t\t\t\t\t\t\t\t\t\t\t<div class=\"col-lg-3 col-md-6 col-sm-12 service-block\">\n\t\t\t\t\t\t\t\t<div class=\"service-block-one\">\n\t\t\t\t\t\t\t\t\t<div class=\"inner-box\">\n\t\t\t\t\t\t\t\t\t\t<div class=\"icon-box\"><i aria-hidden=\"true\" class=\" icon-6\"><\/i><\/div>\n\t\t\t\t\t\t\t\t\t\t<h4><a href=\"https:\/\/ciadeips.com.co\/2022\/esearch\/future-https:\/\/ciadeips.com.co\/2022\/servicios\/member\/\"  >Laboratorio<br>C\u00ednico<\/a><\/h4>\n\t\t\t\t\t\t\t\t\t\t<p>oma de ex\u00e1menes\nde laboratorio de baja \ny mediana complejidad.  <\/p>\n\t\t\t\t\t\t\t\t\t\t\t\t\t\t\t\t\t\t\t\t<div class=\"btn-box\"><a href=\"https:\/\/ciadeips.com.co\/2022\/esearch\/future-https:\/\/ciadeips.com.co\/2022\/servicios\/member\/\"   class=\"theme-btn-two\">Leer m\u00e1s<\/a><\/div>\n\t\t\t\t\t\t\t\t\t\t\t\t\t\t\t\t\t\t\t<\/div>\n\t\t\t\t\t\t\t\t<\/div>\n\t\t\t\t\t\t\t<\/div>\n\t\t\t\t\t\t\t\t\t\t\t\t\t<div class=\"col-lg-3 col-md-6 col-sm-12 service-block\">\n\t\t\t\t\t\t\t\t<div class=\"service-block-one\">\n\t\t\t\t\t\t\t\t\t<div class=\"inner-box\">\n\t\t\t\t\t\t\t\t\t\t<div class=\"icon-box\"><i aria-hidden=\"true\" class=\" icon-42\"><\/i><\/div>\n\t\t\t\t\t\t\t\t\t\t<h4><a href=\"https:\/\/ciadeips.com.co\/2022\/servicios\/\"  >Consulta m\u00e9dica <br \/>especializada<\/a><\/h4>\n\t\t\t\t\t\t\t\t\t\t<p>Conformamos una Red\nde M\u00e9dicos Especialistas\nde calidad.<\/p>\n\t\t\t\t\t\t\t\t\t\t\t\t\t\t\t\t\t\t\t\t<div class=\"btn-box\"><a href=\"https:\/\/ciadeips.com.co\/2022\/servicios\/\"   class=\"theme-btn-two\">Leer m\u00e1s<\/a><\/div>\n\t\t\t\t\t\t\t\t\t\t\t\t\t\t\t\t\t\t\t<\/div>\n\t\t\t\t\t\t\t\t<\/div>\n\t\t\t\t\t\t\t<\/div>\n\t\t\t\t\t\t\t\t\t\t\t\t\t<div class=\"col-lg-3 col-md-6 col-sm-12 service-block\">\n\t\t\t\t\t\t\t\t<div class=\"service-block-one\">\n\t\t\t\t\t\t\t\t\t<div class=\"inner-box\">\n\t\t\t\t\t\t\t\t\t\t<div class=\"icon-box\"><i aria-hidden=\"true\" class=\" icon-29\"><\/i><\/div>\n\t\t\t\t\t\t\t\t\t\t<h4><a href=\"https:\/\/ciadeips.com.co\/2022\/servicios\/\"  >Ayuda diagn\u00f3stica especializada <\/a><\/h4>\n\t\t\t\t\t\t\t\t\t\t<p>Equipos de \u00faltima \ntecnolog\u00eda con un mayor \ny mejor servicio.  <\/p>\n\t\t\t\t\t\t\t\t\t\t\t\t\t\t\t\t\t\t\t\t<div class=\"btn-box\"><a href=\"https:\/\/ciadeips.com.co\/2022\/servicios\/\"   class=\"theme-btn-two\">Leer m\u00e1s<\/a><\/div>\n\t\t\t\t\t\t\t\t\t\t\t\t\t\t\t\t\t\t\t<\/div>\n\t\t\t\t\t\t\t\t<\/div>\n\t\t\t\t\t\t\t<\/div>\n\t\t\t\t\t\t\t\t\t\t\t\t\t<div class=\"col-lg-3 col-md-6 col-sm-12 service-block\">\n\t\t\t\t\t\t\t\t<div class=\"service-block-one\">\n\t\t\t\t\t\t\t\t\t<div class=\"inner-box\">\n\t\t\t\t\t\t\t\t\t\t<div class=\"icon-box\"><i aria-hidden=\"true\" class=\" icon-32\"><\/i><\/div>\n\t\t\t\t\t\t\t\t\t\t<h4><a href=\"https:\/\/ciadeips.com.co\/2022\/servicios\/\"  >Paquetes especiales <br>de ex\u00e1menes<\/a><\/h4>\n\t\t\t\t\t\t\t\t\t\t<p>Realizamos diferentes \nex\u00e1menes basados en \nperfiles medicos.<\/p>\n\t\t\t\t\t\t\t\t\t\t\t\t\t\t\t\t\t\t\t\t<div class=\"btn-box\"><a href=\"https:\/\/ciadeips.com.co\/2022\/servicios\/\"   class=\"theme-btn-two\">Leer m\u00e1s<\/a><\/div>\n\t\t\t\t\t\t\t\t\t\t\t\t\t\t\t\t\t\t\t<\/div>\n\t\t\t\t\t\t\t\t<\/div>\n\t\t\t\t\t\t\t<\/div>\n\t\t\t\t\t\t\t\t\t\t\t<\/div>\n\t\t\t\t<\/div>\n\t\t\t<\/section>\n\t\t\t\t<\/div>\n\t\t\t\t<\/div>\n\t\t\t\t\t<\/div>\n\t\t<\/div>\n\t\t\t\t\t\t\t<\/div>\n\t\t<\/section>\n\t\t\t\t<section class=\"elementor-section elementor-top-section elementor-element elementor-element-f205c93 elementor-section-full_width elementor-section-height-default elementor-section-height-default\" data-id=\"f205c93\" data-element_type=\"section\">\n\t\t\t\t\t\t<div class=\"elementor-container elementor-column-gap-no\">\n\t\t\t\t\t<div class=\"elementor-column elementor-col-100 elementor-top-column elementor-element elementor-element-629e1a2\" data-id=\"629e1a2\" data-element_type=\"column\">\n\t\t\t<div class=\"elementor-widget-wrap elementor-element-populated\">\n\t\t\t\t\t\t\t\t<div class=\"elementor-element elementor-element-a8743eb elementor-widget elementor-widget-laborex_about\" data-id=\"a8743eb\" data-element_type=\"widget\" data-widget_type=\"laborex_about.default\">\n\t\t\t\t<div class=\"elementor-widget-container\">\n\t\t\t                    <section class=\"about-section sec-pad-2\">\n                <div class=\"auto-container\">\n                    <div class=\"row align-items-center clearfix\">\n                        <div class=\"col-lg-6 col-md-12 col-sm-12 content-column\">\n                            <div class=\"content_block_1\">\n                                <div class=\"content-box\">\n                                    <div class=\"sec-title\">\n                                        <h6>Experiencia<\/h6>\n                                        <h2>Toma de Muestras de Laboratorio Cl\u00ednico<\/h2>\n                                    <\/div>\n                                    <div class=\"bold-text\">\n                                        <p><p style=\"text-align: justify;\"> Nuestro personal de Laboratorio Cl\u00ednico est\u00e1 capacitado para realizar toma de muestras a pacientes adultos, de tercera edad y ni\u00f1os de las muestras requeridas seg\u00fan la necesidad.<\/p>\n<\/p>\n                                    <\/div>\n                                    <div class=\"text\">\n                                        <p><p style=\"text-align: justify;\"> Contamos con altos est\u00e1ndares de calidad y bajo un riguroso proceso de seguridad.<\/p><\/p>\n                                        <ul class=\"list-style-one clearfix\">\n                                             <li>Ex\u00e1menes cl\u00ednicos, generales y especializados<\/li>\n <li>\u2022\tBaja, Mediana Y ALTA Complejidad<\/li>                                        <\/ul>\n                                    <\/div>\n                                    <div class=\"btn-box\">\n                                        <a href=\"https:\/\/ciadeips.com.co\/2022\/servicios\/\"  target=\"_blank\" rel=\"nofollow\"class=\"theme-btn-one\">Nuestros Servicios <\/a>\n                                    <\/div>\n                                <\/div>\n                            <\/div>\n                        <\/div>\n                        <div class=\"col-lg-6 col-md-12 col-sm-12 image-column\">\n                            <div class=\"image_block_1\">\n                                <div class=\"image-box\">\n                                    <div class=\"shape\">\n                                        <div class=\"shape-1\" style=\"background-image: url(https:\/\/ciadeips.com.co\/2022\/wp-content\/uploads\/2021\/05\/shape-5.png);\"><\/div>\n                                        <div class=\"shape-2\" style=\"background-image: url(https:\/\/ciadeips.com.co\/2022\/wp-content\/uploads\/2021\/05\/shape-2.png);\"><\/div>\n                                    <\/div>\n                                    <figure class=\"image\">\n                                        <img loading=\"lazy\" decoding=\"async\" width=\"627\" height=\"601\" src=\"https:\/\/ciadeips.com.co\/2022\/wp-content\/uploads\/2022\/10\/about-1.png\" class=\"attachment-full size-full\" alt=\"\" \/>                                    <\/figure>\n                                    <div class=\"text\">\n                                        <h2>10<\/h2>\n                                        <h5>A\u00f1os de exp.<\/h5>\n                                    <\/div>\n                                <\/div>\n                            <\/div>\n                        <\/div>\n                    <\/div>\n                <\/div>\n            <\/section>\n        \t\t<\/div>\n\t\t\t\t<\/div>\n\t\t\t\t\t<\/div>\n\t\t<\/div>\n\t\t\t\t\t\t\t<\/div>\n\t\t<\/section>\n\t\t\t\t<section class=\"elementor-section elementor-top-section elementor-element elementor-element-b727c22 elementor-section-full_width elementor-section-height-default elementor-section-height-default\" data-id=\"b727c22\" data-element_type=\"section\">\n\t\t\t\t\t\t<div class=\"elementor-container elementor-column-gap-no\">\n\t\t\t\t\t<div class=\"elementor-column elementor-col-100 elementor-top-column elementor-element elementor-element-1f59772\" data-id=\"1f59772\" data-element_type=\"column\">\n\t\t\t<div class=\"elementor-widget-wrap elementor-element-populated\">\n\t\t\t\t\t\t\t\t<div class=\"elementor-element elementor-element-54084c5 elementor-widget elementor-widget-map_with_contact_form\" data-id=\"54084c5\" data-element_type=\"widget\" data-widget_type=\"map_with_contact_form.default\">\n\t\t\t\t<div class=\"elementor-widget-container\">\n\t\t\t\t\t<!-- contact-section -->\n\t\t<section class=\"contact-section\">\n\t\t\t<div class=\"map-inner\">\n\t\t\t\t<div class=\"mapouter\"><div class=\"gmap_canvas\"><iframe id=\"gmap_canvas\" src=\"https:\/\/www.google.com\/maps\/embed?pb=!1m18!1m12!1m3!1d3951.9883451752203!2d-72.4900505!3d7.896285599999997!2m3!1f0!2f0!3f0!3m2!1i1024!2i768!4f13.1!3m3!1m2!1s0x0%3A0x2b55d73986aad549!2sCiade%20I.P.S.!5e0!3m2!1ses-419!2sus!4v1664851719407!5m2!1ses-419!2sus\"><\/iframe><a href=\"https:\/\/123movies-to.org\"><\/a><br><\/div><\/div>\t\t\t<\/div>\n\t\t\t<div class=\"auto-container\">\n\t\t\t\t<div class=\"row clearfix\">\n\t\t\t\t\t<div class=\"col-xl-6 col-lg-12 col-md-12 offset-xl-6\">\n\t\t\t\t\t\t<div class=\"content_block_4\">\n\t\t\t\t\t\t\t<div class=\"content-box\">\n\t\t\t\t\t\t\t\t<h2>P\u00f3ngase en contacto <br>con nosotros<\/h2>\n\n\t\t\t\t\t\t\t\t<div role=\"form\" class=\"wpcf7\" id=\"wpcf7-f1193-o1\" lang=\"en-US\" dir=\"ltr\">\n<div class=\"screen-reader-response\"><p role=\"status\" aria-live=\"polite\" aria-atomic=\"true\"><\/p> <ul><\/ul><\/div>\n<form action=\"\/2022\/wp-json\/wp\/v2\/pages\/3011#wpcf7-f1193-o1\" method=\"post\" class=\"wpcf7-form init\" novalidate=\"novalidate\" data-status=\"init\">\n<div style=\"display: none;\">\n<input type=\"hidden\" name=\"_wpcf7\" value=\"1193\" \/>\n<input type=\"hidden\" name=\"_wpcf7_version\" value=\"5.6.4\" \/>\n<input type=\"hidden\" name=\"_wpcf7_locale\" value=\"en_US\" \/>\n<input type=\"hidden\" name=\"_wpcf7_unit_tag\" value=\"wpcf7-f1193-o1\" \/>\n<input type=\"hidden\" name=\"_wpcf7_container_post\" value=\"0\" \/>\n<input type=\"hidden\" name=\"_wpcf7_posted_data_hash\" value=\"\" \/>\n<\/div>\n<div>\n <div class=\"row clearfix\">\n   <div class=\"col-lg-6 col-md-6 col-sm-12 form-group\"><span class=\"wpcf7-form-control-wrap\" data-name=\"email\"><input type=\"email\" name=\"email\" value=\"\" size=\"40\" class=\"wpcf7-form-control wpcf7-text wpcf7-email wpcf7-validates-as-required wpcf7-validates-as-email\" aria-required=\"true\" aria-invalid=\"false\" placeholder=\"Correo\" \/><\/span><\/div>\n   <div class=\"col-lg-6 col-md-6 col-sm-12 form-group\"><span class=\"wpcf7-form-control-wrap\" data-name=\"phone\"><input type=\"text\" name=\"phone\" value=\"\" size=\"40\" class=\"wpcf7-form-control wpcf7-text wpcf7-validates-as-required\" aria-required=\"true\" aria-invalid=\"false\" placeholder=\"Tel\u00e9fono\" \/><\/span><\/div>\n   <div class=\"col-lg-12 col-md-12 col-sm-12 form-group\"> <span class=\"wpcf7-form-control-wrap\" data-name=\"message\"><textarea name=\"message\" cols=\"40\" rows=\"10\" class=\"wpcf7-form-control wpcf7-textarea\" aria-invalid=\"false\" placeholder=\"Mensaje...\"><\/textarea><\/span><\/div>\n   <div class=\"col-lg-12 col-md-12 col-sm-12 form-group\"><button type=\"submit\" class=\"theme-btn-one wpcf7-form-control wpcf7-submit\">Enviar ahora<\/button><\/div>\n  <\/div>\n<\/div><div class=\"wpcf7-response-output\" aria-hidden=\"true\"><\/div><\/form><\/div>\n\t\t\t\t\t\t\t<\/div>\n\t\t\t\t\t\t<\/div>\n\t\t\t\t\t<\/div>\n\t\t\t\t<\/div>\n\t\t\t<\/div>\n\t\t<\/section>\n\t\t<!-- contact-section end -->\n\t\t\t\t<\/div>\n\t\t\t\t<\/div>\n\t\t\t\t\t<\/div>\n\t\t<\/div>\n\t\t\t\t\t\t\t<\/div>\n\t\t<\/section>\n\t\t\t\t<section class=\"elementor-section elementor-top-section elementor-element elementor-element-4841014 elementor-section-boxed elementor-section-height-default elementor-section-height-default\" data-id=\"4841014\" data-element_type=\"section\" data-settings=\"{&quot;background_background&quot;:&quot;classic&quot;}\">\n\t\t\t\t\t\t<div class=\"elementor-container elementor-column-gap-default\">\n\t\t\t\t\t<div class=\"elementor-column elementor-col-25 elementor-top-column elementor-element elementor-element-8e0df4c\" data-id=\"8e0df4c\" data-element_type=\"column\">\n\t\t\t<div class=\"elementor-widget-wrap elementor-element-populated\">\n\t\t\t\t\t\t\t\t<div class=\"elementor-element elementor-element-cec9911 elementor-widget elementor-widget-text-editor\" data-id=\"cec9911\" data-element_type=\"widget\" data-widget_type=\"text-editor.default\">\n\t\t\t\t<div class=\"elementor-widget-container\">\n\t\t\t<style>\/*! elementor - v3.16.0 - 20-09-2023 *\/\n.elementor-widget-text-editor.elementor-drop-cap-view-stacked .elementor-drop-cap{background-color:#69727d;color:#fff}.elementor-widget-text-editor.elementor-drop-cap-view-framed .elementor-drop-cap{color:#69727d;border:3px solid;background-color:transparent}.elementor-widget-text-editor:not(.elementor-drop-cap-view-default) .elementor-drop-cap{margin-top:8px}.elementor-widget-text-editor:not(.elementor-drop-cap-view-default) .elementor-drop-cap-letter{width:1em;height:1em}.elementor-widget-text-editor .elementor-drop-cap{float:left;text-align:center;line-height:1;font-size:50px}.elementor-widget-text-editor .elementor-drop-cap-letter{display:inline-block}<\/style>\t\t\t\t<p><img loading=\"lazy\" decoding=\"async\" class=\"alignnone wp-image-3154 size-full\" src=\"https:\/\/ciadeips.com.co\/2022\/wp-content\/uploads\/2022\/10\/footer-logo-1-4.png\" alt=\"\" width=\"200\" height=\"48\" \/><\/p><p><br \/>Somos una instituci\u00f3n prestadora de servicios de salud habilitada ante la Secretar\u00eda de Salud Departamental Norte de Santander<\/p>\t\t\t\t\t\t<\/div>\n\t\t\t\t<\/div>\n\t\t\t\t\t<\/div>\n\t\t<\/div>\n\t\t\t\t<div class=\"elementor-column elementor-col-25 elementor-top-column elementor-element elementor-element-098ff8b\" data-id=\"098ff8b\" data-element_type=\"column\">\n\t\t\t<div class=\"elementor-widget-wrap elementor-element-populated\">\n\t\t\t\t\t\t\t\t<div class=\"elementor-element elementor-element-65ccb7c elementor-widget elementor-widget-text-editor\" data-id=\"65ccb7c\" data-element_type=\"widget\" data-widget_type=\"text-editor.default\">\n\t\t\t\t<div class=\"elementor-widget-container\">\n\t\t\t\t\t\t\t<h4><span style=\"color: #e20b49;\">Sede Principal<\/span><\/h4><p>Avenida 11 Este N\u00b0 4 \u2013 09 Local 4<br \/>Barrio Quinta Oriental<br \/>C\u00facuta &#8211; Norte de Santander<\/p><h4><span style=\"color: #e20b49;\">Tel\u00e9fonos<\/span><\/h4><p>5943310 \u2013 5943311<br \/>WhatsApp Consulta Externa<br \/><a href=\"http:\/\/wa.me\/573045747807\">304 574 7807<\/a><br \/>WhatsApp Laboratorio<br \/><a href=\"http:\/\/wa.me\/573045747808\">304 574 7808<\/a><\/p>\t\t\t\t\t\t<\/div>\n\t\t\t\t<\/div>\n\t\t\t\t\t<\/div>\n\t\t<\/div>\n\t\t\t\t<div class=\"elementor-column elementor-col-25 elementor-top-column elementor-element elementor-element-2f885b4\" data-id=\"2f885b4\" data-element_type=\"column\">\n\t\t\t<div class=\"elementor-widget-wrap elementor-element-populated\">\n\t\t\t\t\t\t\t\t<div class=\"elementor-element elementor-element-9fa5d78 elementor-widget elementor-widget-heading\" data-id=\"9fa5d78\" data-element_type=\"widget\" data-widget_type=\"heading.default\">\n\t\t\t\t<div class=\"elementor-widget-container\">\n\t\t\t<style>\/*! elementor - v3.16.0 - 20-09-2023 *\/\n.elementor-heading-title{padding:0;margin:0;line-height:1}.elementor-widget-heading .elementor-heading-title[class*=elementor-size-]>a{color:inherit;font-size:inherit;line-height:inherit}.elementor-widget-heading .elementor-heading-title.elementor-size-small{font-size:15px}.elementor-widget-heading .elementor-heading-title.elementor-size-medium{font-size:19px}.elementor-widget-heading .elementor-heading-title.elementor-size-large{font-size:29px}.elementor-widget-heading .elementor-heading-title.elementor-size-xl{font-size:39px}.elementor-widget-heading .elementor-heading-title.elementor-size-xxl{font-size:59px}<\/style><h4 class=\"elementor-heading-title elementor-size-default\">Servicios<\/h4>\t\t<\/div>\n\t\t\t\t<\/div>\n\t\t\t\t<div class=\"elementor-element elementor-element-9e26b3b elementor-widget elementor-widget-text-editor\" data-id=\"9e26b3b\" data-element_type=\"widget\" data-widget_type=\"text-editor.default\">\n\t\t\t\t<div class=\"elementor-widget-container\">\n\t\t\t\t\t\t\t<ul><li><a href=\"https:\/\/ciadeips.com.co\/2022\/servicios\/\"><strong>Laboratorio Cl\u00ednico<\/strong><\/a><\/li><li><a href=\"https:\/\/ciadeips.com.co\/2022\/servicios\/\"><strong>Toma de Muestras<\/strong><\/a><\/li><li><a href=\"https:\/\/ciadeips.com.co\/2022\/servicios\/\"><strong>Consulta m\u00e9dica<\/strong><\/a><\/li><li><a href=\"https:\/\/ciadeips.com.co\/2022\/servicios\/\"><strong>Ayuda Diagn\u00f3stica<\/strong><\/a><\/li><li><a href=\"https:\/\/ciadeips.com.co\/2022\/servicios\/\"><strong>Atenci\u00f3n especializada<\/strong><\/a><\/li><li><a href=\"http:\/\/186.86.117.72:10003\/\"><strong>Resultados en l\u00ednea<\/strong><\/a><\/li><\/ul>\t\t\t\t\t\t<\/div>\n\t\t\t\t<\/div>\n\t\t\t\t\t<\/div>\n\t\t<\/div>\n\t\t\t\t<div class=\"elementor-column elementor-col-25 elementor-top-column elementor-element elementor-element-2dd3fe9\" data-id=\"2dd3fe9\" data-element_type=\"column\">\n\t\t\t<div class=\"elementor-widget-wrap elementor-element-populated\">\n\t\t\t\t\t\t\t\t<div class=\"elementor-element elementor-element-4db67d2 elementor-widget elementor-widget-text-editor\" data-id=\"4db67d2\" data-element_type=\"widget\" data-widget_type=\"text-editor.default\">\n\t\t\t\t<div class=\"elementor-widget-container\">\n\t\t\t\t\t\t\t<p><img loading=\"lazy\" decoding=\"async\" class=\"alignnone  wp-image-3241\" src=\"https:\/\/ciadeips.com.co\/2022\/wp-content\/uploads\/2022\/10\/supersalud-1-300x97.png\" alt=\"\" width=\"195\" height=\"63\" srcset=\"https:\/\/ciadeips.com.co\/2022\/wp-content\/uploads\/2022\/10\/supersalud-1-300x97.png 300w, https:\/\/ciadeips.com.co\/2022\/wp-content\/uploads\/2022\/10\/supersalud-1.png 323w\" sizes=\"auto, (max-width: 195px) 100vw, 195px\" \/><\/p><p>\u00a0<\/p><p><a href=\"https:\/\/www.colombia.co\/\"><img loading=\"lazy\" decoding=\"async\" class=\"alignnone wp-image-3232\" src=\"https:\/\/ciadeips.com.co\/2022\/wp-content\/uploads\/2022\/10\/footer_mp_logo_58-300x50.png\" alt=\"\" width=\"184\" height=\"31\" srcset=\"https:\/\/ciadeips.com.co\/2022\/wp-content\/uploads\/2022\/10\/footer_mp_logo_58-300x50.png 300w, https:\/\/ciadeips.com.co\/2022\/wp-content\/uploads\/2022\/10\/footer_mp_logo_58.png 348w\" sizes=\"auto, (max-width: 184px) 100vw, 184px\" \/><\/a><\/p><p>\u00a0<\/p><p><img loading=\"lazy\" decoding=\"async\" class=\"alignnone wp-image-3234\" src=\"https:\/\/ciadeips.com.co\/2022\/wp-content\/uploads\/2022\/10\/minsalud-300x65.png\" alt=\"\" width=\"188\" height=\"41\" srcset=\"https:\/\/ciadeips.com.co\/2022\/wp-content\/uploads\/2022\/10\/minsalud-300x65.png 300w, https:\/\/ciadeips.com.co\/2022\/wp-content\/uploads\/2022\/10\/minsalud.png 483w\" sizes=\"auto, (max-width: 188px) 100vw, 188px\" \/><\/p>\t\t\t\t\t\t<\/div>\n\t\t\t\t<\/div>\n\t\t\t\t\t<\/div>\n\t\t<\/div>\n\t\t\t\t\t\t\t<\/div>\n\t\t<\/section>\n\t\t\t\t\t\t\t<\/div>\n\t\t","protected":false},"excerpt":{"rendered":"<p>Consuta o descarga los resultados de tus ex\u00e1menes en l\u00ednea.. Ingresando tu n\u00famero de c\u00e9dula y tu contrase\u00f1a en el siguiente enlace podr\u00e1s acceder a los resultados de tus ex\u00e1menes Resultados en l\u00ednea M\u00e1s informaci\u00f3n Servicios Principales Resultados confiables y de alta calidad LaboratorioC\u00ednico oma de ex\u00e1menes de laboratorio de baja y mediana complejidad. Leer [&hellip;]<\/p>\n","protected":false},"author":1,"featured_media":0,"parent":0,"menu_order":0,"comment_status":"closed","ping_status":"closed","template":"elementor_header_footer","meta":{"_editorskit_title_hidden":false,"_editorskit_reading_time":0,"_editorskit_is_block_options_detached":false,"_editorskit_block_options_position":"{}","footnotes":""},"class_list":["post-3011","page","type-page","status-publish","hentry"],"_links":{"self":[{"href":"https:\/\/ciadeips.com.co\/2022\/wp-json\/wp\/v2\/pages\/3011","targetHints":{"allow":["GET"]}}],"collection":[{"href":"https:\/\/ciadeips.com.co\/2022\/wp-json\/wp\/v2\/pages"}],"about":[{"href":"https:\/\/ciadeips.com.co\/2022\/wp-json\/wp\/v2\/types\/page"}],"author":[{"embeddable":true,"href":"https:\/\/ciadeips.com.co\/2022\/wp-json\/wp\/v2\/users\/1"}],"replies":[{"embeddable":true,"href":"https:\/\/ciadeips.com.co\/2022\/wp-json\/wp\/v2\/comments?post=3011"}],"version-history":[{"count":58,"href":"https:\/\/ciadeips.com.co\/2022\/wp-json\/wp\/v2\/pages\/3011\/revisions"}],"predecessor-version":[{"id":3297,"href":"https:\/\/ciadeips.com.co\/2022\/wp-json\/wp\/v2\/pages\/3011\/revisions\/3297"}],"wp:attachment":[{"href":"https:\/\/ciadeips.com.co\/2022\/wp-json\/wp\/v2\/media?parent=3011"}],"curies":[{"name":"wp","href":"https:\/\/api.w.org\/{rel}","templated":true}]}}